{"id":6490,"date":"2011-09-28T16:05:01","date_gmt":"2011-09-28T14:05:01","guid":{"rendered":"http:\/\/www.santosgrills.de\/rezepte\/?page_id=6490"},"modified":"2012-04-19T10:38:18","modified_gmt":"2012-04-19T08:38:18","slug":"grillsicherheit-so-grillen-sie-365-tage-im-jahr-richtig","status":"publish","type":"page","link":"https:\/\/www.grillheaven.at\/grill-magazin\/tipps-tricks-das-a-und-o-der-grillsicherheit\/grillsicherheit-so-grillen-sie-365-tage-im-jahr-richtig\/","title":{"rendered":"Grillsicherheit: So grillen Sie 365 Tage im Jahr richtig"},"content":{"rendered":"<p><a href=\"http:\/\/www.santosgrills.de\/rezepte\/wp-content\/uploads\/2010\/12\/Wurst.jpg\"><img loading=\"lazy\" decoding=\"async\" class=\"alignright size-full wp-image-5986\" title=\"Wurst\" src=\"http:\/\/www.santosgrills.de\/rezepte\/wp-content\/uploads\/2010\/12\/Wurst.jpg\" alt=\"Bratwurst au\u00dferhalb von Deutschland\" width=\"110\" height=\"95\" \/><\/a>Grillen geh\u00f6rt zu den \u201eHobbys\u201c, die in Deutschland weite Teile der Bev\u00f6lkerung begeistern. Speziell in den Fr\u00fchlings- und Sommermonaten sind es bis zu 80 Prozent der Deutschen, die zu Grillzange und Grillsch\u00fcrze greifen. Leider ist die Zeit der Grillsaison immer wieder von Nachrichten gekennzeichnet, die auch uns nachdenklich stimmen.<\/p>\n<p>Schwere Unf\u00e4lle, die auf unsachgem\u00e4\u00dfe Verwendung eines Grills zur\u00fcckgehen, sorgen f\u00fcr Schwerverletzte, Sachsch\u00e4den und mitunter sogar Tote. Eine Tatsache, der auch wir offen ins Auge sehen m\u00fcssen. Darum widmen wir uns hier dem Thema Sicherheit \u2013 von der Vorbereitung bis zum Reinigen des Grills.<\/p>\n<h3>Tipps zur Grillvorbereitung<\/h3>\n<p><strong>Grilltipp Nr. 1:<\/strong> Grillen macht Spa\u00df und schmeckt. Allerdings ist eine wesentliche Komponente die hohe Temperatur, welche den Genuss erst m\u00f6glich macht. Ein unsachgem\u00e4\u00df aufgebauter Grill kann schnell zur Gefahr werden. Viele Grill-Ger\u00e4te \u2013 ob Gas- oder Holzkohlegrill \u2013 werden nicht komplett zusammengebaut, sondern vormontiert ausgeliefert.<\/p>\n<p>Achten Sie beim Aufbau immer auf einen korrekten Zusammenbau nach der Anleitung und \u00fcberspringen nicht einfach wider besseren Wissens einige Schritte!<\/p>\n<p><a href=\"http:\/\/www.santosgrills.de\/rezepte\/wp-content\/uploads\/2010\/12\/Speckmantel.jpg\"><img loading=\"lazy\" decoding=\"async\" class=\"size-full wp-image-5963 alignleft\" title=\"Speckmantel\" src=\"http:\/\/www.santosgrills.de\/rezepte\/wp-content\/uploads\/2010\/12\/Speckmantel.jpg\" alt=\"Speckmantel\" width=\"110\" height=\"95\" \/><\/a><strong>Grilltipp Nr. 2:<\/strong> Gasgrill-Ger\u00e4te legen auf der Beliebtheitsskala zu. Einige Grill-Fans wollen den Gasgrill aber nicht mit Gasflaschen, sondern Erdgas betreiben. Hier raten wir zur Vorsicht, da die Ger\u00e4te a) auf die einzelnen Gassorten (Propan- bzw. Butangas) abgestimmt sind, b) teilweise von Haus aus nicht \u00fcber den n\u00f6tigen Anschluss f\u00fcr den Hausanschluss verf\u00fcgen und c) durch Bastelei zu einem Sicherheitsrisiko werden.<\/p>\n<p><strong>Grilltipp Nr. 3:<\/strong> Gerade ein Gasgrill muss vor der Inbetriebnahme auf seine Funktionssicherheit gepr\u00fcft werden. Alle gasf\u00fchrenden Teile sollten dicht sein und der Druck passen. Testen und pr\u00fcfen Sie den Gasgrill regelm\u00e4\u00dfig, da Materialerm\u00fcdung oder Korrosion auch vor Qualit\u00e4tsgrills nicht haltmachen.<\/p>\n<p><a href=\"http:\/\/www.santosgrills.de\/rezepte\/wp-content\/uploads\/2011\/08\/Gewinnspiel_2011_189.jpg\"><img loading=\"lazy\" decoding=\"async\" class=\"alignright size-full wp-image-6362\" title=\"Grillspie\u00dfe - einfach, schnell und lecker\" src=\"http:\/\/www.santosgrills.de\/rezepte\/wp-content\/uploads\/2011\/08\/Gewinnspiel_2011_189.jpg\" alt=\"Grillspie\u00dfe geh\u00f6ren heute einfach dazu\" width=\"110\" height=\"95\" \/><\/a><strong>Grilltipp Nr. 4:<\/strong> Zur Vorbereitung geh\u00f6rt auch die Reinigung. Gerade das Grillrost sollte sauber sein, um die Bildung gesundheitssch\u00e4dlicher Substanzen zu verhindern. Entweder reinigen Sie den Grill umgehend nach der Nutzung oder direkt vorm Grillen. Hinweis: Gusseisen erfordert eine andere Pflege als Edelstahl, verzichten Sie auf Sp\u00fclmittel.<\/p>\n<p><strong>Grilltipp Nr. 5:<\/strong> Standsicherheit und der richtige Platz zum Grillen sind das A und O der Grillsicherheit. Achten Sie aus diesem Grund immer darauf, dass der Gas- oder Holzkohlegrill auf einem ebenen Untergrund steht, nicht von allein oder bei Wind kippen kann und nat\u00fcrlich grundlegende Brandschutzregeln beachtet werden.<\/p>\n<p>Dazu geh\u00f6rt unter anderem, dass der Grill in ausreichendem Abstand zu leicht brennbaren Materialien stehen sollte, so aufgestellt wird, dass Funkenflug ungef\u00e4hrlich bleibt und nat\u00fcrlich auch, dass die Rauchemissionen nicht zum \u00c4rgernis f\u00fcr Nachbarn werden. Wichtig: Stellen Sie einen Gas- oder Holzkohlegrill immer in einiger Entfernung zu Geb\u00e4uden auf.<\/p>\n<p>Grills und Zubeh\u00f6r finden Sie bei <a title=\"Link zu santosgrills\" href=\"http:\/\/www.santosgrills.de\">santosgrills.de<\/a>. Auch diese Grill-Ger\u00e4te (auf\u00b4s Bild klicken):<\/p>\n<p><!--wpads#content--><!--wpads#content1--><!--wpads#content2--><\/p>\n<p><strong>Grilltipp Nr. 6:<\/strong> Unser letzter Grilltipp in puncto Vorbereitung besch\u00e4ftigt sich mit dem Gasgrill und dessen Unterbringung. Achten Sie darauf, dass weder Grill noch Gasflasche einfach Kindern oder Dritten zug\u00e4nglich sind. Gleichzeitig darf die Gasflasche nicht in geschlossenen R\u00e4umen aufbewahrt werden, da ein Defekt zur Explosionsgefahr f\u00fchren kann.<\/p>\n","protected":false},"excerpt":{"rendered":"<p>Grillen geh\u00f6rt zu den \u201eHobbys\u201c, die in Deutschland weite Teile der Bev\u00f6lkerung begeistern. Speziell in den Fr\u00fchlings- und Sommermonaten sind&#8230;<\/p>\n","protected":false},"author":1,"featured_media":0,"parent":7876,"menu_order":0,"comment_status":"open","ping_status":"open","template":"","meta":{"_acf_changed":false,"footnotes":""},"class_list":["post-6490","page","type-page","status-publish","hentry"],"acf":[],"yoast_head":"<!-- This site is optimized with the Yoast SEO Premium plugin v25.8 (Yoast SEO v27.3) - https:\/\/yoast.com\/product\/yoast-seo-premium-wordpress\/ -->\n<title>Grillsicherheit: So grillen Sie 365 Tage im Jahr richtig - Grill Heaven Magazin<\/title>\n<meta name=\"robots\" content=\"noindex, follow, max-snippet:-1, max-image-preview:large, max-video-preview:-1\" \/>\n<meta property=\"og:locale\" content=\"de_DE\" \/>\n<meta property=\"og:type\" content=\"article\" \/>\n<meta property=\"og:title\" content=\"Grillsicherheit: So grillen Sie 365 Tage im Jahr richtig\" \/>\n<meta property=\"og:description\" content=\"Grillen geh\u00f6rt zu den \u201eHobbys\u201c, die in Deutschland weite Teile der Bev\u00f6lkerung begeistern. Speziell in den Fr\u00fchlings- und Sommermonaten sind...\" \/>\n<meta property=\"og:url\" content=\"https:\/\/www.grillheaven.at\/grill-magazin\/tipps-tricks-das-a-und-o-der-grillsicherheit\/grillsicherheit-so-grillen-sie-365-tage-im-jahr-richtig\/\" \/>\n<meta property=\"og:site_name\" content=\"Grill Heaven Magazin\" \/>\n<meta property=\"article:publisher\" content=\"https:\/\/www.facebook.com\/Grillheaven.at\/\" \/>\n<meta property=\"article:modified_time\" content=\"2012-04-19T08:38:18+00:00\" \/>\n<meta property=\"og:image\" content=\"http:\/\/www.santosgrills.de\/rezepte\/wp-content\/uploads\/2010\/12\/Wurst.jpg\" \/>\n<meta name=\"twitter:card\" content=\"summary_large_image\" \/>\n<meta name=\"twitter:label1\" content=\"Gesch\u00e4tzte Lesezeit\" \/>\n\t<meta name=\"twitter:data1\" content=\"3 Minuten\" \/>\n<script type=\"application\/ld+json\" class=\"yoast-schema-graph\">{\"@context\":\"https:\\\/\\\/schema.org\",\"@graph\":[{\"@type\":\"WebPage\",\"@id\":\"https:\\\/\\\/www.grillheaven.at\\\/grill-magazin\\\/tipps-tricks-das-a-und-o-der-grillsicherheit\\\/grillsicherheit-so-grillen-sie-365-tage-im-jahr-richtig\\\/\",\"url\":\"https:\\\/\\\/www.grillheaven.at\\\/grill-magazin\\\/tipps-tricks-das-a-und-o-der-grillsicherheit\\\/grillsicherheit-so-grillen-sie-365-tage-im-jahr-richtig\\\/\",\"name\":\"Grillsicherheit: So grillen Sie 365 Tage im Jahr richtig - Grill Heaven Magazin\",\"isPartOf\":{\"@id\":\"https:\\\/\\\/www.grillheaven.at\\\/grill-magazin\\\/#website\"},\"primaryImageOfPage\":{\"@id\":\"https:\\\/\\\/www.grillheaven.at\\\/grill-magazin\\\/tipps-tricks-das-a-und-o-der-grillsicherheit\\\/grillsicherheit-so-grillen-sie-365-tage-im-jahr-richtig\\\/#primaryimage\"},\"image\":{\"@id\":\"https:\\\/\\\/www.grillheaven.at\\\/grill-magazin\\\/tipps-tricks-das-a-und-o-der-grillsicherheit\\\/grillsicherheit-so-grillen-sie-365-tage-im-jahr-richtig\\\/#primaryimage\"},\"thumbnailUrl\":\"http:\\\/\\\/www.santosgrills.de\\\/rezepte\\\/wp-content\\\/uploads\\\/2010\\\/12\\\/Wurst.jpg\",\"datePublished\":\"2011-09-28T14:05:01+00:00\",\"dateModified\":\"2012-04-19T08:38:18+00:00\",\"breadcrumb\":{\"@id\":\"https:\\\/\\\/www.grillheaven.at\\\/grill-magazin\\\/tipps-tricks-das-a-und-o-der-grillsicherheit\\\/grillsicherheit-so-grillen-sie-365-tage-im-jahr-richtig\\\/#breadcrumb\"},\"inLanguage\":\"de-AT\",\"potentialAction\":[{\"@type\":\"ReadAction\",\"target\":[\"https:\\\/\\\/www.grillheaven.at\\\/grill-magazin\\\/tipps-tricks-das-a-und-o-der-grillsicherheit\\\/grillsicherheit-so-grillen-sie-365-tage-im-jahr-richtig\\\/\"]}]},{\"@type\":\"ImageObject\",\"inLanguage\":\"de-AT\",\"@id\":\"https:\\\/\\\/www.grillheaven.at\\\/grill-magazin\\\/tipps-tricks-das-a-und-o-der-grillsicherheit\\\/grillsicherheit-so-grillen-sie-365-tage-im-jahr-richtig\\\/#primaryimage\",\"url\":\"http:\\\/\\\/www.santosgrills.de\\\/rezepte\\\/wp-content\\\/uploads\\\/2010\\\/12\\\/Wurst.jpg\",\"contentUrl\":\"http:\\\/\\\/www.santosgrills.de\\\/rezepte\\\/wp-content\\\/uploads\\\/2010\\\/12\\\/Wurst.jpg\"},{\"@type\":\"BreadcrumbList\",\"@id\":\"https:\\\/\\\/www.grillheaven.at\\\/grill-magazin\\\/tipps-tricks-das-a-und-o-der-grillsicherheit\\\/grillsicherheit-so-grillen-sie-365-tage-im-jahr-richtig\\\/#breadcrumb\",\"itemListElement\":[{\"@type\":\"ListItem\",\"position\":1,\"name\":\"Startseite\",\"item\":\"https:\\\/\\\/www.grillheaven.at\\\/grill-magazin\\\/\"},{\"@type\":\"ListItem\",\"position\":2,\"name\":\"Tipps &#038; Tricks: Das A und O der Grillsicherheit\",\"item\":\"https:\\\/\\\/www.grillheaven.at\\\/grill-magazin\\\/tipps-tricks-das-a-und-o-der-grillsicherheit\\\/\"},{\"@type\":\"ListItem\",\"position\":3,\"name\":\"Grillsicherheit: So grillen Sie 365 Tage im Jahr richtig\"}]},{\"@type\":\"WebSite\",\"@id\":\"https:\\\/\\\/www.grillheaven.at\\\/grill-magazin\\\/#website\",\"url\":\"https:\\\/\\\/www.grillheaven.at\\\/grill-magazin\\\/\",\"name\":\"Grill Heaven Magazin\",\"description\":\"Grill- und BBQ-Magazin, Grillrezepte, Tipps &amp; Tricks.\",\"publisher\":{\"@id\":\"https:\\\/\\\/www.grillheaven.at\\\/grill-magazin\\\/#organization\"},\"potentialAction\":[{\"@type\":\"SearchAction\",\"target\":{\"@type\":\"EntryPoint\",\"urlTemplate\":\"https:\\\/\\\/www.grillheaven.at\\\/grill-magazin\\\/?s={search_term_string}\"},\"query-input\":{\"@type\":\"PropertyValueSpecification\",\"valueRequired\":true,\"valueName\":\"search_term_string\"}}],\"inLanguage\":\"de-AT\"},{\"@type\":\"Organization\",\"@id\":\"https:\\\/\\\/www.grillheaven.at\\\/grill-magazin\\\/#organization\",\"name\":\"Grill Heaven GmbH\",\"url\":\"https:\\\/\\\/www.grillheaven.at\\\/grill-magazin\\\/\",\"logo\":{\"@type\":\"ImageObject\",\"inLanguage\":\"de-AT\",\"@id\":\"https:\\\/\\\/www.grillheaven.at\\\/grill-magazin\\\/#\\\/schema\\\/logo\\\/image\\\/\",\"url\":\"https:\\\/\\\/www.grillheaven.at\\\/grill-magazin\\\/intrepid\\\/wp-content\\\/uploads\\\/2023\\\/09\\\/logo_grill_heaven.png\",\"contentUrl\":\"https:\\\/\\\/www.grillheaven.at\\\/grill-magazin\\\/intrepid\\\/wp-content\\\/uploads\\\/2023\\\/09\\\/logo_grill_heaven.png\",\"width\":2658,\"height\":416,\"caption\":\"Grill Heaven GmbH\"},\"image\":{\"@id\":\"https:\\\/\\\/www.grillheaven.at\\\/grill-magazin\\\/#\\\/schema\\\/logo\\\/image\\\/\"},\"sameAs\":[\"https:\\\/\\\/www.facebook.com\\\/Grillheaven.at\\\/\",\"https:\\\/\\\/www.instagram.com\\\/grillheaven.at\\\/\",\"https:\\\/\\\/www.youtube.com\\\/@grillheavengmbh2487\"]}]}<\/script>\n<!-- \/ Yoast SEO Premium plugin. -->","yoast_head_json":{"title":"Grillsicherheit: So grillen Sie 365 Tage im Jahr richtig - Grill Heaven Magazin","robots":{"index":"noindex","follow":"follow","max-snippet":"max-snippet:-1","max-image-preview":"max-image-preview:large","max-video-preview":"max-video-preview:-1"},"og_locale":"de_DE","og_type":"article","og_title":"Grillsicherheit: So grillen Sie 365 Tage im Jahr richtig","og_description":"Grillen geh\u00f6rt zu den \u201eHobbys\u201c, die in Deutschland weite Teile der Bev\u00f6lkerung begeistern. Speziell in den Fr\u00fchlings- und Sommermonaten sind...","og_url":"https:\/\/www.grillheaven.at\/grill-magazin\/tipps-tricks-das-a-und-o-der-grillsicherheit\/grillsicherheit-so-grillen-sie-365-tage-im-jahr-richtig\/","og_site_name":"Grill Heaven Magazin","article_publisher":"https:\/\/www.facebook.com\/Grillheaven.at\/","article_modified_time":"2012-04-19T08:38:18+00:00","og_image":[{"url":"http:\/\/www.santosgrills.de\/rezepte\/wp-content\/uploads\/2010\/12\/Wurst.jpg","type":"","width":"","height":""}],"twitter_card":"summary_large_image","twitter_misc":{"Gesch\u00e4tzte Lesezeit":"3 Minuten"},"schema":{"@context":"https:\/\/schema.org","@graph":[{"@type":"WebPage","@id":"https:\/\/www.grillheaven.at\/grill-magazin\/tipps-tricks-das-a-und-o-der-grillsicherheit\/grillsicherheit-so-grillen-sie-365-tage-im-jahr-richtig\/","url":"https:\/\/www.grillheaven.at\/grill-magazin\/tipps-tricks-das-a-und-o-der-grillsicherheit\/grillsicherheit-so-grillen-sie-365-tage-im-jahr-richtig\/","name":"Grillsicherheit: So grillen Sie 365 Tage im Jahr richtig - Grill Heaven Magazin","isPartOf":{"@id":"https:\/\/www.grillheaven.at\/grill-magazin\/#website"},"primaryImageOfPage":{"@id":"https:\/\/www.grillheaven.at\/grill-magazin\/tipps-tricks-das-a-und-o-der-grillsicherheit\/grillsicherheit-so-grillen-sie-365-tage-im-jahr-richtig\/#primaryimage"},"image":{"@id":"https:\/\/www.grillheaven.at\/grill-magazin\/tipps-tricks-das-a-und-o-der-grillsicherheit\/grillsicherheit-so-grillen-sie-365-tage-im-jahr-richtig\/#primaryimage"},"thumbnailUrl":"http:\/\/www.santosgrills.de\/rezepte\/wp-content\/uploads\/2010\/12\/Wurst.jpg","datePublished":"2011-09-28T14:05:01+00:00","dateModified":"2012-04-19T08:38:18+00:00","breadcrumb":{"@id":"https:\/\/www.grillheaven.at\/grill-magazin\/tipps-tricks-das-a-und-o-der-grillsicherheit\/grillsicherheit-so-grillen-sie-365-tage-im-jahr-richtig\/#breadcrumb"},"inLanguage":"de-AT","potentialAction":[{"@type":"ReadAction","target":["https:\/\/www.grillheaven.at\/grill-magazin\/tipps-tricks-das-a-und-o-der-grillsicherheit\/grillsicherheit-so-grillen-sie-365-tage-im-jahr-richtig\/"]}]},{"@type":"ImageObject","inLanguage":"de-AT","@id":"https:\/\/www.grillheaven.at\/grill-magazin\/tipps-tricks-das-a-und-o-der-grillsicherheit\/grillsicherheit-so-grillen-sie-365-tage-im-jahr-richtig\/#primaryimage","url":"http:\/\/www.santosgrills.de\/rezepte\/wp-content\/uploads\/2010\/12\/Wurst.jpg","contentUrl":"http:\/\/www.santosgrills.de\/rezepte\/wp-content\/uploads\/2010\/12\/Wurst.jpg"},{"@type":"BreadcrumbList","@id":"https:\/\/www.grillheaven.at\/grill-magazin\/tipps-tricks-das-a-und-o-der-grillsicherheit\/grillsicherheit-so-grillen-sie-365-tage-im-jahr-richtig\/#breadcrumb","itemListElement":[{"@type":"ListItem","position":1,"name":"Startseite","item":"https:\/\/www.grillheaven.at\/grill-magazin\/"},{"@type":"ListItem","position":2,"name":"Tipps &#038; Tricks: Das A und O der Grillsicherheit","item":"https:\/\/www.grillheaven.at\/grill-magazin\/tipps-tricks-das-a-und-o-der-grillsicherheit\/"},{"@type":"ListItem","position":3,"name":"Grillsicherheit: So grillen Sie 365 Tage im Jahr richtig"}]},{"@type":"WebSite","@id":"https:\/\/www.grillheaven.at\/grill-magazin\/#website","url":"https:\/\/www.grillheaven.at\/grill-magazin\/","name":"Grill Heaven Magazin","description":"Grill- und BBQ-Magazin, Grillrezepte, Tipps &amp; Tricks.","publisher":{"@id":"https:\/\/www.grillheaven.at\/grill-magazin\/#organization"},"potentialAction":[{"@type":"SearchAction","target":{"@type":"EntryPoint","urlTemplate":"https:\/\/www.grillheaven.at\/grill-magazin\/?s={search_term_string}"},"query-input":{"@type":"PropertyValueSpecification","valueRequired":true,"valueName":"search_term_string"}}],"inLanguage":"de-AT"},{"@type":"Organization","@id":"https:\/\/www.grillheaven.at\/grill-magazin\/#organization","name":"Grill Heaven GmbH","url":"https:\/\/www.grillheaven.at\/grill-magazin\/","logo":{"@type":"ImageObject","inLanguage":"de-AT","@id":"https:\/\/www.grillheaven.at\/grill-magazin\/#\/schema\/logo\/image\/","url":"https:\/\/www.grillheaven.at\/grill-magazin\/intrepid\/wp-content\/uploads\/2023\/09\/logo_grill_heaven.png","contentUrl":"https:\/\/www.grillheaven.at\/grill-magazin\/intrepid\/wp-content\/uploads\/2023\/09\/logo_grill_heaven.png","width":2658,"height":416,"caption":"Grill Heaven GmbH"},"image":{"@id":"https:\/\/www.grillheaven.at\/grill-magazin\/#\/schema\/logo\/image\/"},"sameAs":["https:\/\/www.facebook.com\/Grillheaven.at\/","https:\/\/www.instagram.com\/grillheaven.at\/","https:\/\/www.youtube.com\/@grillheavengmbh2487"]}]}},"_links":{"self":[{"href":"https:\/\/www.grillheaven.at\/grill-magazin\/wp-json\/wp\/v2\/pages\/6490","targetHints":{"allow":["GET"]}}],"collection":[{"href":"https:\/\/www.grillheaven.at\/grill-magazin\/wp-json\/wp\/v2\/pages"}],"about":[{"href":"https:\/\/www.grillheaven.at\/grill-magazin\/wp-json\/wp\/v2\/types\/page"}],"author":[{"embeddable":true,"href":"https:\/\/www.grillheaven.at\/grill-magazin\/wp-json\/wp\/v2\/users\/1"}],"replies":[{"embeddable":true,"href":"https:\/\/www.grillheaven.at\/grill-magazin\/wp-json\/wp\/v2\/comments?post=6490"}],"version-history":[{"count":8,"href":"https:\/\/www.grillheaven.at\/grill-magazin\/wp-json\/wp\/v2\/pages\/6490\/revisions"}],"predecessor-version":[{"id":7880,"href":"https:\/\/www.grillheaven.at\/grill-magazin\/wp-json\/wp\/v2\/pages\/6490\/revisions\/7880"}],"up":[{"embeddable":true,"href":"https:\/\/www.grillheaven.at\/grill-magazin\/wp-json\/wp\/v2\/pages\/7876"}],"wp:attachment":[{"href":"https:\/\/www.grillheaven.at\/grill-magazin\/wp-json\/wp\/v2\/media?parent=6490"}],"curies":[{"name":"wp","href":"https:\/\/api.w.org\/{rel}","templated":true}]}}